{"id":334,"date":"2018-12-26T06:52:16","date_gmt":"2018-12-26T06:52:16","guid":{"rendered":"https:\/\/websitedemos.net\/sierra-nature-02\/?page_id=133"},"modified":"2025-08-26T09:49:32","modified_gmt":"2025-08-26T14:49:32","slug":"blog","status":"publish","type":"page","link":"https:\/\/emzulia.com\/index.php\/blog\/","title":{"rendered":"Noticias"},"content":{"rendered":"\t\t<div data-elementor-type=\"wp-post\" data-elementor-id=\"334\" class=\"elementor elementor-334\" data-elementor-post-type=\"page\">\n\t\t\t\t\t\t<section class=\"elementor-section elementor-top-section elementor-element elementor-element-6b20be3 elementor-section-boxed elementor-section-height-default elementor-section-height-default\" data-id=\"6b20be3\" data-element_type=\"section\" data-settings=\"{&quot;background_background&quot;:&quot;gradient&quot;}\">\n\t\t\t\t\t\t<div class=\"elementor-container elementor-column-gap-default\">\n\t\t\t\t\t<div class=\"elementor-column elementor-col-100 elementor-top-column elementor-element elementor-element-1f5595e\" data-id=\"1f5595e\" data-element_type=\"column\">\n\t\t\t<div class=\"elementor-widget-wrap elementor-element-populated\">\n\t\t\t\t\t\t<div class=\"elementor-element elementor-element-d6f92a3 elementor-widget elementor-widget-spacer\" data-id=\"d6f92a3\" data-element_type=\"widget\" data-widget_type=\"spacer.default\">\n\t\t\t\t<div class=\"elementor-widget-container\">\n\t\t\t\t\t<div class=\"elementor-spacer\">\n\t\t\t<div class=\"elementor-spacer-inner\"><\/div>\n\t\t<\/div>\n\t\t\t\t<\/div>\n\t\t\t\t<\/div>\n\t\t\t\t<div class=\"elementor-element elementor-element-50809ad elementor-widget elementor-widget-heading\" data-id=\"50809ad\" data-element_type=\"widget\" data-widget_type=\"heading.default\">\n\t\t\t\t<div class=\"elementor-widget-container\">\n\t\t\t<h2 class=\"elementor-heading-title elementor-size-default\">NOTICIAS<\/h2>\t\t<\/div>\n\t\t\t\t<\/div>\n\t\t\t\t<div class=\"elementor-element elementor-element-8e5b321 elementor-widget-divider--view-line elementor-widget elementor-widget-divider\" data-id=\"8e5b321\" data-element_type=\"widget\" data-widget_type=\"divider.default\">\n\t\t\t\t<div class=\"elementor-widget-container\">\n\t\t\t\t\t<div class=\"elementor-divider\">\n\t\t\t<span class=\"elementor-divider-separator\">\n\t\t\t\t\t\t<\/span>\n\t\t<\/div>\n\t\t\t\t<\/div>\n\t\t\t\t<\/div>\n\t\t\t\t<div class=\"elementor-element elementor-element-f2c7105 elementor-widget elementor-widget-spacer\" data-id=\"f2c7105\" data-element_type=\"widget\" data-widget_type=\"spacer.default\">\n\t\t\t\t<div class=\"elementor-widget-container\">\n\t\t\t\t\t<div class=\"elementor-spacer\">\n\t\t\t<div class=\"elementor-spacer-inner\"><\/div>\n\t\t<\/div>\n\t\t\t\t<\/div>\n\t\t\t\t<\/div>\n\t\t\t\t\t<\/div>\n\t\t<\/div>\n\t\t\t\t\t<\/div>\n\t\t<\/section>\n\t\t\t\t<section class=\"elementor-section elementor-top-section elementor-element elementor-element-a16b3d9 elementor-section-boxed elementor-section-height-default elementor-section-height-default\" data-id=\"a16b3d9\" data-element_type=\"section\" data-settings=\"{&quot;background_background&quot;:&quot;classic&quot;}\">\n\t\t\t\t\t\t<div class=\"elementor-container elementor-column-gap-default\">\n\t\t\t\t\t<div class=\"elementor-column elementor-col-100 elementor-top-column elementor-element elementor-element-5d47c2d\" data-id=\"5d47c2d\" data-element_type=\"column\">\n\t\t\t<div class=\"elementor-widget-wrap elementor-element-populated\">\n\t\t\t\t\t\t<div class=\"elementor-element elementor-element-39fde68 elementor-widget elementor-widget-spacer\" data-id=\"39fde68\" data-element_type=\"widget\" data-widget_type=\"spacer.default\">\n\t\t\t\t<div class=\"elementor-widget-container\">\n\t\t\t\t\t<div class=\"elementor-spacer\">\n\t\t\t<div class=\"elementor-spacer-inner\"><\/div>\n\t\t<\/div>\n\t\t\t\t<\/div>\n\t\t\t\t<\/div>\n\t\t\t\t\t<\/div>\n\t\t<\/div>\n\t\t\t\t\t<\/div>\n\t\t<\/section>\n\t\t\t\t<section class=\"elementor-section elementor-top-section elementor-element elementor-element-ec4c0a4 elementor-section-boxed elementor-section-height-default elementor-section-height-default\" data-id=\"ec4c0a4\" data-element_type=\"section\">\n\t\t\t\t\t\t<div class=\"elementor-container elementor-column-gap-default\">\n\t\t\t\t\t<div class=\"elementor-column elementor-col-100 elementor-top-column elementor-element elementor-element-96cc3a9\" data-id=\"96cc3a9\" data-element_type=\"column\">\n\t\t\t<div class=\"elementor-widget-wrap elementor-element-populated\">\n\t\t\t\t\t\t<div class=\"elementor-element elementor-element-5971887 elementor-widget elementor-widget-heading\" data-id=\"5971887\" data-element_type=\"widget\" data-widget_type=\"heading.default\">\n\t\t\t\t<div class=\"elementor-widget-container\">\n\t\t\t<h2 class=\"elementor-heading-title elementor-size-default\">Actualizaci\u00f3n tarifas 2025<\/h2>\t\t<\/div>\n\t\t\t\t<\/div>\n\t\t\t\t<section class=\"elementor-section elementor-inner-section elementor-element elementor-element-337aa34 elementor-section-boxed elementor-section-height-default elementor-section-height-default\" data-id=\"337aa34\" data-element_type=\"section\">\n\t\t\t\t\t\t<div class=\"elementor-container elementor-column-gap-default\">\n\t\t\t\t\t<div class=\"elementor-column elementor-col-50 elementor-inner-column elementor-element elementor-element-0eb8e4f\" data-id=\"0eb8e4f\" data-element_type=\"column\">\n\t\t\t<div class=\"elementor-widget-wrap elementor-element-populated\">\n\t\t\t\t\t\t<div class=\"elementor-element elementor-element-d331c08 elementor-widget elementor-widget-text-editor\" data-id=\"d331c08\" data-element_type=\"widget\" data-widget_type=\"text-editor.default\">\n\t\t\t\t<div class=\"elementor-widget-container\">\n\t\t\t\t\t\t\t<p><span style=\"font-size: 11.0pt; line-height: 115%; font-family: 'Arial',sans-serif; mso-fareast-font-family: Calibri; mso-ansi-language: ES-CO; mso-fareast-language: EN-US; mso-bidi-language: AR-SA;\">Adoptar<\/span><span style=\"font-size: 11.0pt; line-height: 115%; font-family: 'Arial',sans-serif; mso-fareast-font-family: Calibri; mso-ansi-language: ES-CO; mso-fareast-language: EN-US; mso-bidi-language: AR-SA;\"> para la prestaci\u00f3n de los servicios p\u00fablicos domiciliarios de Acueducto y Alcantarillado en el Municipio Zulia &#8211; Norte de Santander, las siguientes variables tarifarias a aplicar en la vigencia 2025, en pesos de junio de 2025:<\/span><\/p>\t\t\t\t\t\t<\/div>\n\t\t\t\t<\/div>\n\t\t\t\t<div class=\"elementor-element elementor-element-08668b5 elementor-widget elementor-widget-image\" data-id=\"08668b5\" data-element_type=\"widget\" data-widget_type=\"image.default\">\n\t\t\t\t<div class=\"elementor-widget-container\">\n\t\t\t\t\t\t\t\t\t\t\t\t\t<img fetchpriority=\"high\" decoding=\"async\" width=\"451\" height=\"300\" src=\"https:\/\/emzulia.com\/wp-content\/uploads\/2025\/08\/tarifas-acu-y-alc.jpg\" class=\"attachment-large size-large wp-image-1580\" alt=\"\" srcset=\"https:\/\/emzulia.com\/wp-content\/uploads\/2025\/08\/tarifas-acu-y-alc.jpg 451w, https:\/\/emzulia.com\/wp-content\/uploads\/2025\/08\/tarifas-acu-y-alc-300x200.jpg 300w\" sizes=\"(max-width: 451px) 100vw, 451px\" \/>\t\t\t\t\t\t\t\t\t\t\t\t\t<\/div>\n\t\t\t\t<\/div>\n\t\t\t\t\t<\/div>\n\t\t<\/div>\n\t\t\t\t<div class=\"elementor-column elementor-col-50 elementor-inner-column elementor-element elementor-element-4c1d925\" data-id=\"4c1d925\" data-element_type=\"column\">\n\t\t\t<div class=\"elementor-widget-wrap elementor-element-populated\">\n\t\t\t\t\t\t<div class=\"elementor-element elementor-element-281d28b elementor-widget elementor-widget-image\" data-id=\"281d28b\" data-element_type=\"widget\" data-widget_type=\"image.default\">\n\t\t\t\t<div class=\"elementor-widget-container\">\n\t\t\t\t\t\t\t\t\t\t\t\t\t<img decoding=\"async\" width=\"590\" height=\"425\" src=\"https:\/\/emzulia.com\/wp-content\/uploads\/2025\/08\/tarifas-acu-y-alc-2.jpg\" class=\"attachment-large size-large wp-image-1582\" alt=\"\" srcset=\"https:\/\/emzulia.com\/wp-content\/uploads\/2025\/08\/tarifas-acu-y-alc-2.jpg 590w, https:\/\/emzulia.com\/wp-content\/uploads\/2025\/08\/tarifas-acu-y-alc-2-300x216.jpg 300w\" sizes=\"(max-width: 590px) 100vw, 590px\" \/>\t\t\t\t\t\t\t\t\t\t\t\t\t<\/div>\n\t\t\t\t<\/div>\n\t\t\t\t\t<\/div>\n\t\t<\/div>\n\t\t\t\t\t<\/div>\n\t\t<\/section>\n\t\t\t\t\t<\/div>\n\t\t<\/div>\n\t\t\t\t\t<\/div>\n\t\t<\/section>\n\t\t\t\t<section class=\"elementor-section elementor-top-section elementor-element elementor-element-b5e0df5 elementor-section-boxed elementor-section-height-default elementor-section-height-default\" data-id=\"b5e0df5\" data-element_type=\"section\">\n\t\t\t\t\t\t<div class=\"elementor-container elementor-column-gap-default\">\n\t\t\t\t\t<div class=\"elementor-column elementor-col-100 elementor-top-column elementor-element elementor-element-e308c68\" data-id=\"e308c68\" data-element_type=\"column\">\n\t\t\t<div class=\"elementor-widget-wrap elementor-element-populated\">\n\t\t\t\t\t\t<div class=\"elementor-element elementor-element-4db4032 elementor-widget elementor-widget-text-editor\" data-id=\"4db4032\" data-element_type=\"widget\" data-widget_type=\"text-editor.default\">\n\t\t\t\t<div class=\"elementor-widget-container\">\n\t\t\t\t\t\t\t<p><b><span style=\"font-size: 10.0pt; line-height: 115%; font-family: 'Arial',sans-serif; mso-fareast-font-family: Calibri; mso-ansi-language: ES-CO; mso-fareast-language: EN-US; mso-bidi-language: AR-SA;\">Aprobar<\/span><\/b><span style=\"font-size: 10.0pt; line-height: 115%; font-family: 'Arial',sans-serif; mso-fareast-font-family: Calibri; mso-ansi-language: ES-CO; mso-fareast-language: EN-US; mso-bidi-language: AR-SA;\"> <b>y Adoptar<\/b> para la prestaci\u00f3n del servicio p\u00fablico de Aseo en el Municipio Zulia &#8211; Norte de Santander, las siguientes variables tarifarias a aplicar en la vigencia 2025, en pesos de junio de 2025:<\/span><\/p>\t\t\t\t\t\t<\/div>\n\t\t\t\t<\/div>\n\t\t\t\t<section class=\"elementor-section elementor-inner-section elementor-element elementor-element-fade856 elementor-section-boxed elementor-section-height-default elementor-section-height-default\" data-id=\"fade856\" data-element_type=\"section\">\n\t\t\t\t\t\t<div class=\"elementor-container elementor-column-gap-default\">\n\t\t\t\t\t<div class=\"elementor-column elementor-col-50 elementor-inner-column elementor-element elementor-element-dcdd317\" data-id=\"dcdd317\" data-element_type=\"column\">\n\t\t\t<div class=\"elementor-widget-wrap elementor-element-populated\">\n\t\t\t\t\t\t<div class=\"elementor-element elementor-element-ece0336 elementor-widget elementor-widget-image\" data-id=\"ece0336\" data-element_type=\"widget\" data-widget_type=\"image.default\">\n\t\t\t\t<div class=\"elementor-widget-container\">\n\t\t\t\t\t\t\t\t\t\t\t\t\t<img decoding=\"async\" width=\"442\" height=\"93\" src=\"https:\/\/emzulia.com\/wp-content\/uploads\/2025\/08\/aseo-1.jpg\" class=\"attachment-large size-large wp-image-1587\" alt=\"\" srcset=\"https:\/\/emzulia.com\/wp-content\/uploads\/2025\/08\/aseo-1.jpg 442w, https:\/\/emzulia.com\/wp-content\/uploads\/2025\/08\/aseo-1-300x63.jpg 300w\" sizes=\"(max-width: 442px) 100vw, 442px\" \/>\t\t\t\t\t\t\t\t\t\t\t\t\t<\/div>\n\t\t\t\t<\/div>\n\t\t\t\t\t<\/div>\n\t\t<\/div>\n\t\t\t\t<div class=\"elementor-column elementor-col-50 elementor-inner-column elementor-element elementor-element-ba96471\" data-id=\"ba96471\" data-element_type=\"column\">\n\t\t\t<div class=\"elementor-widget-wrap elementor-element-populated\">\n\t\t\t\t\t\t<div class=\"elementor-element elementor-element-484202d elementor-widget elementor-widget-image\" data-id=\"484202d\" data-element_type=\"widget\" data-widget_type=\"image.default\">\n\t\t\t\t<div class=\"elementor-widget-container\">\n\t\t\t\t\t\t\t\t\t\t\t\t\t<img loading=\"lazy\" decoding=\"async\" width=\"461\" height=\"204\" src=\"https:\/\/emzulia.com\/wp-content\/uploads\/2025\/08\/aseo-2.jpg\" class=\"attachment-large size-large wp-image-1588\" alt=\"\" srcset=\"https:\/\/emzulia.com\/wp-content\/uploads\/2025\/08\/aseo-2.jpg 461w, https:\/\/emzulia.com\/wp-content\/uploads\/2025\/08\/aseo-2-300x133.jpg 300w\" sizes=\"(max-width: 461px) 100vw, 461px\" \/>\t\t\t\t\t\t\t\t\t\t\t\t\t<\/div>\n\t\t\t\t<\/div>\n\t\t\t\t\t<\/div>\n\t\t<\/div>\n\t\t\t\t\t<\/div>\n\t\t<\/section>\n\t\t\t\t\t<\/div>\n\t\t<\/div>\n\t\t\t\t\t<\/div>\n\t\t<\/section>\n\t\t\t\t<section class=\"elementor-section elementor-top-section elementor-element elementor-element-08db926 elementor-section-boxed elementor-section-height-default elementor-section-height-default\" data-id=\"08db926\" data-element_type=\"section\">\n\t\t\t\t\t\t<div class=\"elementor-container elementor-column-gap-default\">\n\t\t\t\t\t<div class=\"elementor-column elementor-col-100 elementor-top-column elementor-element elementor-element-f67edcd\" data-id=\"f67edcd\" data-element_type=\"column\">\n\t\t\t<div class=\"elementor-widget-wrap\">\n\t\t\t\t\t\t\t<\/div>\n\t\t<\/div>\n\t\t\t\t\t<\/div>\n\t\t<\/section>\n\t\t\t\t<\/div>\n\t\t","protected":false},"excerpt":{"rendered":"<p>NOTICIAS Actualizaci\u00f3n tarifas 2025 Adoptar para la prestaci\u00f3n de los servicios p\u00fablicos domiciliarios de Acueducto y Alcantarillado en el Municipio Zulia &#8211; Norte de Santander, las siguientes variables tarifarias a aplicar en la vigencia 2025, en pesos de junio de 2025: Aprobar y Adoptar para la prestaci\u00f3n del servicio p\u00fablico de Aseo en el Municipio [&hellip;]<\/p>\n","protected":false},"author":1,"featured_media":0,"parent":0,"menu_order":0,"comment_status":"closed","ping_status":"closed","template":"","meta":{"_uag_custom_page_level_css":"","site-sidebar-layout":"no-sidebar","site-content-layout":"page-builder","ast-site-content-layout":"","site-content-style":"default","site-sidebar-style":"default","ast-global-header-display":"","ast-banner-title-visibility":"","ast-main-header-display":"","ast-hfb-above-header-display":"","ast-hfb-below-header-display":"","ast-hfb-mobile-header-display":"","site-post-title":"disabled","ast-breadcrumbs-content":"","ast-featured-img":"disabled","footer-sml-layout":"","theme-transparent-header-meta":"enabled","adv-header-id-meta":"","stick-header-meta":"","header-above-stick-meta":"","header-main-stick-meta":"","header-below-stick-meta":"","astra-migrate-meta-layouts":"default","ast-page-background-enabled":"default","ast-page-background-meta":{"desktop":{"background-color":"var(--ast-global-color-4)","background-image":"","background-repeat":"repeat","background-position":"center center","background-size":"auto","background-attachment":"scroll","background-type":"","background-media":"","overlay-type":"","overlay-color":"","overlay-opacity":"","overlay-gradient":""},"tablet":{"background-color":"","background-image":"","background-repeat":"repeat","background-position":"center center","background-size":"auto","background-attachment":"scroll","background-type":"","background-media":"","overlay-type":"","overlay-color":"","overlay-opacity":"","overlay-gradient":""},"mobile":{"background-color":"","background-image":"","background-repeat":"repeat","background-position":"center center","background-size":"auto","background-attachment":"scroll","background-type":"","background-media":"","overlay-type":"","overlay-color":"","overlay-opacity":"","overlay-gradient":""}},"ast-content-background-meta":{"desktop":{"background-color":"var(--ast-global-color-5)","background-image":"","background-repeat":"repeat","background-position":"center center","background-size":"auto","background-attachment":"scroll","background-type":"","background-media":"","overlay-type":"","overlay-color":"","overlay-opacity":"","overlay-gradient":""},"tablet":{"background-color":"var(--ast-global-color-5)","background-image":"","background-repeat":"repeat","background-position":"center center","background-size":"auto","background-attachment":"scroll","background-type":"","background-media":"","overlay-type":"","overlay-color":"","overlay-opacity":"","overlay-gradient":""},"mobile":{"background-color":"var(--ast-global-color-5)","background-image":"","background-repeat":"repeat","background-position":"center center","background-size":"auto","background-attachment":"scroll","background-type":"","background-media":"","overlay-type":"","overlay-color":"","overlay-opacity":"","overlay-gradient":""}},"footnotes":""},"yoast_head":"<!-- This site is optimized with the Yoast SEO plugin v22.8 - https:\/\/yoast.com\/wordpress\/plugins\/seo\/ -->\n<title>Noticias - EMZULIA ESP<\/title>\n<meta name=\"robots\" content=\"index, follow, max-snippet:-1, max-image-preview:large, max-video-preview:-1\" \/>\n<link rel=\"canonical\" href=\"https:\/\/emzulia.com\/index.php\/blog\/\" \/>\n<meta property=\"og:locale\" content=\"es_ES\" \/>\n<meta property=\"og:type\" content=\"article\" \/>\n<meta property=\"og:title\" content=\"Noticias - EMZULIA ESP\" \/>\n<meta property=\"og:description\" content=\"NOTICIAS Actualizaci\u00f3n tarifas 2025 Adoptar para la prestaci\u00f3n de los servicios p\u00fablicos domiciliarios de Acueducto y Alcantarillado en el Municipio Zulia &#8211; Norte de Santander, las siguientes variables tarifarias a aplicar en la vigencia 2025, en pesos de junio de 2025: Aprobar y Adoptar para la prestaci\u00f3n del servicio p\u00fablico de Aseo en el Municipio [&hellip;]\" \/>\n<meta property=\"og:url\" content=\"https:\/\/emzulia.com\/index.php\/blog\/\" \/>\n<meta property=\"og:site_name\" content=\"EMZULIA ESP\" \/>\n<meta property=\"article:modified_time\" content=\"2025-08-26T14:49:32+00:00\" \/>\n<meta property=\"og:image\" content=\"https:\/\/emzulia.com\/wp-content\/uploads\/2025\/08\/tarifas-acu-y-alc.jpg\" \/>\n<meta name=\"twitter:card\" content=\"summary_large_image\" \/>\n<meta name=\"twitter:label1\" content=\"Tiempo de lectura\" \/>\n\t<meta name=\"twitter:data1\" content=\"2 minutos\" \/>\n<script type=\"application\/ld+json\" class=\"yoast-schema-graph\">{\"@context\":\"https:\/\/schema.org\",\"@graph\":[{\"@type\":\"WebPage\",\"@id\":\"https:\/\/emzulia.com\/index.php\/blog\/\",\"url\":\"https:\/\/emzulia.com\/index.php\/blog\/\",\"name\":\"Noticias - EMZULIA ESP\",\"isPartOf\":{\"@id\":\"https:\/\/emzulia.com\/#website\"},\"primaryImageOfPage\":{\"@id\":\"https:\/\/emzulia.com\/index.php\/blog\/#primaryimage\"},\"image\":{\"@id\":\"https:\/\/emzulia.com\/index.php\/blog\/#primaryimage\"},\"thumbnailUrl\":\"https:\/\/emzulia.com\/wp-content\/uploads\/2025\/08\/tarifas-acu-y-alc.jpg\",\"datePublished\":\"2018-12-26T06:52:16+00:00\",\"dateModified\":\"2025-08-26T14:49:32+00:00\",\"breadcrumb\":{\"@id\":\"https:\/\/emzulia.com\/index.php\/blog\/#breadcrumb\"},\"inLanguage\":\"es-CO\",\"potentialAction\":[{\"@type\":\"ReadAction\",\"target\":[\"https:\/\/emzulia.com\/index.php\/blog\/\"]}]},{\"@type\":\"ImageObject\",\"inLanguage\":\"es-CO\",\"@id\":\"https:\/\/emzulia.com\/index.php\/blog\/#primaryimage\",\"url\":\"https:\/\/emzulia.com\/wp-content\/uploads\/2025\/08\/tarifas-acu-y-alc.jpg\",\"contentUrl\":\"https:\/\/emzulia.com\/wp-content\/uploads\/2025\/08\/tarifas-acu-y-alc.jpg\",\"width\":451,\"height\":300},{\"@type\":\"BreadcrumbList\",\"@id\":\"https:\/\/emzulia.com\/index.php\/blog\/#breadcrumb\",\"itemListElement\":[{\"@type\":\"ListItem\",\"position\":1,\"name\":\"Bienvenidos\",\"item\":\"https:\/\/emzulia.com\/\"},{\"@type\":\"ListItem\",\"position\":2,\"name\":\"Noticias\"}]},{\"@type\":\"WebSite\",\"@id\":\"https:\/\/emzulia.com\/#website\",\"url\":\"https:\/\/emzulia.com\/\",\"name\":\"EMZULIA ESP\",\"description\":\"Empresa de Servicios P\u00fablicos del Zulia\",\"potentialAction\":[{\"@type\":\"SearchAction\",\"target\":{\"@type\":\"EntryPoint\",\"urlTemplate\":\"https:\/\/emzulia.com\/?s={search_term_string}\"},\"query-input\":\"required name=search_term_string\"}],\"inLanguage\":\"es-CO\"}]}<\/script>\n<!-- \/ Yoast SEO plugin. -->","yoast_head_json":{"title":"Noticias - EMZULIA ESP","robots":{"index":"index","follow":"follow","max-snippet":"max-snippet:-1","max-image-preview":"max-image-preview:large","max-video-preview":"max-video-preview:-1"},"canonical":"https:\/\/emzulia.com\/index.php\/blog\/","og_locale":"es_ES","og_type":"article","og_title":"Noticias - EMZULIA ESP","og_description":"NOTICIAS Actualizaci\u00f3n tarifas 2025 Adoptar para la prestaci\u00f3n de los servicios p\u00fablicos domiciliarios de Acueducto y Alcantarillado en el Municipio Zulia &#8211; Norte de Santander, las siguientes variables tarifarias a aplicar en la vigencia 2025, en pesos de junio de 2025: Aprobar y Adoptar para la prestaci\u00f3n del servicio p\u00fablico de Aseo en el Municipio [&hellip;]","og_url":"https:\/\/emzulia.com\/index.php\/blog\/","og_site_name":"EMZULIA ESP","article_modified_time":"2025-08-26T14:49:32+00:00","og_image":[{"url":"https:\/\/emzulia.com\/wp-content\/uploads\/2025\/08\/tarifas-acu-y-alc.jpg"}],"twitter_card":"summary_large_image","twitter_misc":{"Tiempo de lectura":"2 minutos"},"schema":{"@context":"https:\/\/schema.org","@graph":[{"@type":"WebPage","@id":"https:\/\/emzulia.com\/index.php\/blog\/","url":"https:\/\/emzulia.com\/index.php\/blog\/","name":"Noticias - EMZULIA ESP","isPartOf":{"@id":"https:\/\/emzulia.com\/#website"},"primaryImageOfPage":{"@id":"https:\/\/emzulia.com\/index.php\/blog\/#primaryimage"},"image":{"@id":"https:\/\/emzulia.com\/index.php\/blog\/#primaryimage"},"thumbnailUrl":"https:\/\/emzulia.com\/wp-content\/uploads\/2025\/08\/tarifas-acu-y-alc.jpg","datePublished":"2018-12-26T06:52:16+00:00","dateModified":"2025-08-26T14:49:32+00:00","breadcrumb":{"@id":"https:\/\/emzulia.com\/index.php\/blog\/#breadcrumb"},"inLanguage":"es-CO","potentialAction":[{"@type":"ReadAction","target":["https:\/\/emzulia.com\/index.php\/blog\/"]}]},{"@type":"ImageObject","inLanguage":"es-CO","@id":"https:\/\/emzulia.com\/index.php\/blog\/#primaryimage","url":"https:\/\/emzulia.com\/wp-content\/uploads\/2025\/08\/tarifas-acu-y-alc.jpg","contentUrl":"https:\/\/emzulia.com\/wp-content\/uploads\/2025\/08\/tarifas-acu-y-alc.jpg","width":451,"height":300},{"@type":"BreadcrumbList","@id":"https:\/\/emzulia.com\/index.php\/blog\/#breadcrumb","itemListElement":[{"@type":"ListItem","position":1,"name":"Bienvenidos","item":"https:\/\/emzulia.com\/"},{"@type":"ListItem","position":2,"name":"Noticias"}]},{"@type":"WebSite","@id":"https:\/\/emzulia.com\/#website","url":"https:\/\/emzulia.com\/","name":"EMZULIA ESP","description":"Empresa de Servicios P\u00fablicos del Zulia","potentialAction":[{"@type":"SearchAction","target":{"@type":"EntryPoint","urlTemplate":"https:\/\/emzulia.com\/?s={search_term_string}"},"query-input":"required name=search_term_string"}],"inLanguage":"es-CO"}]}},"uagb_featured_image_src":{"full":false,"thumbnail":false,"medium":false,"medium_large":false,"large":false,"1536x1536":false,"2048x2048":false},"uagb_author_info":{"display_name":"emzworka","author_link":"https:\/\/emzulia.com\/index.php\/author\/emzworka\/"},"uagb_comment_info":0,"uagb_excerpt":"NOTICIAS Actualizaci\u00f3n tarifas 2025 Adoptar para la prestaci\u00f3n de los servicios p\u00fablicos domiciliarios de Acueducto y Alcantarillado en el Municipio Zulia &#8211; Norte de Santander, las siguientes variables tarifarias a aplicar en la vigencia 2025, en pesos de junio de 2025: Aprobar y Adoptar para la prestaci\u00f3n del servicio p\u00fablico de Aseo en el Municipio&hellip;","_links":{"self":[{"href":"https:\/\/emzulia.com\/index.php\/wp-json\/wp\/v2\/pages\/334"}],"collection":[{"href":"https:\/\/emzulia.com\/index.php\/wp-json\/wp\/v2\/pages"}],"about":[{"href":"https:\/\/emzulia.com\/index.php\/wp-json\/wp\/v2\/types\/page"}],"author":[{"embeddable":true,"href":"https:\/\/emzulia.com\/index.php\/wp-json\/wp\/v2\/users\/1"}],"replies":[{"embeddable":true,"href":"https:\/\/emzulia.com\/index.php\/wp-json\/wp\/v2\/comments?post=334"}],"version-history":[{"count":21,"href":"https:\/\/emzulia.com\/index.php\/wp-json\/wp\/v2\/pages\/334\/revisions"}],"predecessor-version":[{"id":1591,"href":"https:\/\/emzulia.com\/index.php\/wp-json\/wp\/v2\/pages\/334\/revisions\/1591"}],"wp:attachment":[{"href":"https:\/\/emzulia.com\/index.php\/wp-json\/wp\/v2\/media?parent=334"}],"curies":[{"name":"wp","href":"https:\/\/api.w.org\/{rel}","templated":true}]}}