{"id":797,"date":"2019-08-16T12:50:42","date_gmt":"2019-08-16T17:50:42","guid":{"rendered":"http:\/\/emzulia.com\/?page_id=797"},"modified":"2024-03-15T11:24:12","modified_gmt":"2024-03-15T16:24:12","slug":"mision-y-vision","status":"publish","type":"page","link":"https:\/\/emzulia.com\/index.php\/about\/mision-y-vision\/","title":{"rendered":"Misi\u00f3n y Visi\u00f3n"},"content":{"rendered":"\t\t<div data-elementor-type=\"wp-post\" data-elementor-id=\"797\" class=\"elementor elementor-797\" data-elementor-post-type=\"page\">\n\t\t\t\t\t\t<section class=\"elementor-section elementor-top-section elementor-element elementor-element-6e13a78 elementor-section-boxed elementor-section-height-default elementor-section-height-default\" data-id=\"6e13a78\" data-element_type=\"section\">\n\t\t\t\t\t\t<div class=\"elementor-container elementor-column-gap-default\">\n\t\t\t\t\t<div class=\"elementor-column elementor-col-100 elementor-top-column elementor-element elementor-element-cee009c\" data-id=\"cee009c\" data-element_type=\"column\">\n\t\t\t<div class=\"elementor-widget-wrap elementor-element-populated\">\n\t\t\t\t\t\t<div class=\"elementor-element elementor-element-1a31943 elementor-widget elementor-widget-spacer\" data-id=\"1a31943\" data-element_type=\"widget\" data-widget_type=\"spacer.default\">\n\t\t\t\t<div class=\"elementor-widget-container\">\n\t\t\t\t\t<div class=\"elementor-spacer\">\n\t\t\t<div class=\"elementor-spacer-inner\"><\/div>\n\t\t<\/div>\n\t\t\t\t<\/div>\n\t\t\t\t<\/div>\n\t\t\t\t\t<\/div>\n\t\t<\/div>\n\t\t\t\t\t<\/div>\n\t\t<\/section>\n\t\t\t\t<section class=\"elementor-section elementor-top-section elementor-element elementor-element-1451b47 elementor-section-boxed elementor-section-height-default elementor-section-height-default\" data-id=\"1451b47\" data-element_type=\"section\">\n\t\t\t\t\t\t<div class=\"elementor-container elementor-column-gap-default\">\n\t\t\t\t\t<div class=\"elementor-column elementor-col-100 elementor-top-column elementor-element elementor-element-6b748d6\" data-id=\"6b748d6\" data-element_type=\"column\">\n\t\t\t<div class=\"elementor-widget-wrap elementor-element-populated\">\n\t\t\t\t\t\t<div class=\"elementor-element elementor-element-63b5a03 elementor-widget elementor-widget-breadcrumbs\" data-id=\"63b5a03\" data-element_type=\"widget\" data-widget_type=\"breadcrumbs.default\">\n\t\t\t\t<div class=\"elementor-widget-container\">\n\t\t\t<p id=\"breadcrumbs\"><span><span><a href=\"https:\/\/emzulia.com\/\">Bienvenidos<\/a><\/span><\/span><\/p>\t\t<\/div>\n\t\t\t\t<\/div>\n\t\t\t\t\t<\/div>\n\t\t<\/div>\n\t\t\t\t\t<\/div>\n\t\t<\/section>\n\t\t\t\t<section class=\"elementor-section elementor-top-section elementor-element elementor-element-57a2f6e elementor-section-boxed elementor-section-height-default elementor-section-height-default\" data-id=\"57a2f6e\" data-element_type=\"section\">\n\t\t\t\t\t\t<div class=\"elementor-container elementor-column-gap-default\">\n\t\t\t\t\t<div class=\"elementor-column elementor-col-100 elementor-top-column elementor-element elementor-element-23c00be8\" data-id=\"23c00be8\" data-element_type=\"column\">\n\t\t\t<div class=\"elementor-widget-wrap elementor-element-populated\">\n\t\t\t\t\t\t<div class=\"elementor-element elementor-element-16a639bc elementor-widget elementor-widget-text-editor\" data-id=\"16a639bc\" data-element_type=\"widget\" data-widget_type=\"text-editor.default\">\n\t\t\t\t<div class=\"elementor-widget-container\">\n\t\t\t\t\t\t\t<p><!-- wp:paragraph --><\/p>\n<p><span style=\"color: #000080;\"><strong>MISION<\/strong><\/span><\/p>\n<p><!-- \/wp:paragraph --><!-- wp:paragraph --><\/p>\n<p>Prestar los servicios de acueducto, alcantarillado y aseo de forma integral para contribuir con el desarrollo econ\u00f3mico, social y ambiental, mejorando la calidad de vida de los habitantes del sector urbano y suburbano del municipio de El Zulia.<\/p>\n<p><!-- \/wp:paragraph --><!-- wp:paragraph --><\/p>\n<p><span style=\"color: #000080;\"><strong>VISI\u00d3N<\/strong><\/span><\/p>\n<p><!-- \/wp:paragraph --><!-- wp:paragraph --><\/p>\n<p>LAS EMZULIA E.S.P. Se proyecta a 2024 como la mejor empresa de servicios p\u00fablicos domiciliarios de la subregi\u00f3n oriental del Norte de Santander con los m\u00e1s altos niveles de eficiencia y eficacia con una\u00a0 cobertura total en el servicio, generando un alto compromiso del recurso humano de la entidad para con la comunidad.<\/p>\n<p><!-- \/wp:paragraph --><\/p>\t\t\t\t\t\t<\/div>\n\t\t\t\t<\/div>\n\t\t\t\t\t<\/div>\n\t\t<\/div>\n\t\t\t\t\t<\/div>\n\t\t<\/section>\n\t\t\t\t<section class=\"elementor-section elementor-top-section elementor-element elementor-element-47d2702e elementor-section-boxed elementor-section-height-default elementor-section-height-default\" data-id=\"47d2702e\" data-element_type=\"section\">\n\t\t\t\t\t\t<div class=\"elementor-container elementor-column-gap-default\">\n\t\t\t\t\t<div class=\"elementor-column elementor-col-100 elementor-top-column elementor-element elementor-element-7918d935\" data-id=\"7918d935\" data-element_type=\"column\">\n\t\t\t<div class=\"elementor-widget-wrap elementor-element-populated\">\n\t\t\t\t\t\t<div class=\"elementor-element elementor-element-11296141 elementor-widget elementor-widget-spacer\" data-id=\"11296141\" data-element_type=\"widget\" data-widget_type=\"spacer.default\">\n\t\t\t\t<div class=\"elementor-widget-container\">\n\t\t\t\t\t<div class=\"elementor-spacer\">\n\t\t\t<div class=\"elementor-spacer-inner\"><\/div>\n\t\t<\/div>\n\t\t\t\t<\/div>\n\t\t\t\t<\/div>\n\t\t\t\t<div class=\"elementor-element elementor-element-3aee5863 elementor-widget elementor-widget-heading\" data-id=\"3aee5863\" data-element_type=\"widget\" data-widget_type=\"heading.default\">\n\t\t\t\t<div class=\"elementor-widget-container\">\n\t\t\t<h4 class=\"elementor-heading-title elementor-size-default\">\u00faltimas publicaciones<\/h4>\t\t<\/div>\n\t\t\t\t<\/div>\n\t\t\t\t<div class=\"elementor-element elementor-element-672e34fd elementor-widget elementor-widget-spacer\" data-id=\"672e34fd\" data-element_type=\"widget\" data-widget_type=\"spacer.default\">\n\t\t\t\t<div class=\"elementor-widget-container\">\n\t\t\t\t\t<div class=\"elementor-spacer\">\n\t\t\t<div class=\"elementor-spacer-inner\"><\/div>\n\t\t<\/div>\n\t\t\t\t<\/div>\n\t\t\t\t<\/div>\n\t\t\t\t<div class=\"elementor-element elementor-element-7139cb11 elementor-grid-3 elementor-grid-tablet-2 elementor-grid-mobile-1 elementor-posts--thumbnail-top elementor-widget elementor-widget-posts\" data-id=\"7139cb11\" data-element_type=\"widget\" data-settings=\"{&quot;classic_columns&quot;:&quot;3&quot;,&quot;classic_columns_tablet&quot;:&quot;2&quot;,&quot;classic_columns_mobile&quot;:&quot;1&quot;,&quot;classic_row_gap&quot;:{&quot;unit&quot;:&quot;px&quot;,&quot;size&quot;:35,&quot;sizes&quot;:[]},&quot;classic_row_gap_tablet&quot;:{&quot;unit&quot;:&quot;px&quot;,&quot;size&quot;:&quot;&quot;,&quot;sizes&quot;:[]},&quot;classic_row_gap_mobile&quot;:{&quot;unit&quot;:&quot;px&quot;,&quot;size&quot;:&quot;&quot;,&quot;sizes&quot;:[]}}\" data-widget_type=\"posts.classic\">\n\t\t\t\t<div class=\"elementor-widget-container\">\n\t\t\t\t\t<div class=\"elementor-posts-container elementor-posts elementor-posts--skin-classic elementor-grid\">\n\t\t\t\t<article class=\"elementor-post elementor-grid-item post-1050 post type-post status-publish format-image has-post-thumbnail hentry category-pagos post_format-post-format-image\">\n\t\t\t\t<a class=\"elementor-post__thumbnail__link\" href=\"https:\/\/emzulia.com\/index.php\/2021\/04\/22\/pago-en-linea\/\" tabindex=\"-1\" >\n\t\t\t<div class=\"elementor-post__thumbnail\"><img fetchpriority=\"high\" decoding=\"async\" width=\"291\" height=\"173\" src=\"https:\/\/emzulia.com\/wp-content\/uploads\/2021\/04\/pse-logo-1.png\" class=\"attachment-medium size-medium wp-image-1058\" alt=\"\" \/><\/div>\n\t\t<\/a>\n\t\t\t\t<div class=\"elementor-post__text\">\n\t\t\t\t<h3 class=\"elementor-post__title\">\n\t\t\t<a href=\"https:\/\/emzulia.com\/index.php\/2021\/04\/22\/pago-en-linea\/\" >\n\t\t\t\tPago en Linea\t\t\t<\/a>\n\t\t<\/h3>\n\t\t\t\t<div class=\"elementor-post__meta-data\">\n\t\t\t\t\t<span class=\"elementor-post-author\">\n\t\t\tEmzulia ESP\t\t<\/span>\n\t\t\t\t<span class=\"elementor-post-date\">\n\t\t\t22\/04\/2021\t\t<\/span>\n\t\t\t\t<\/div>\n\t\t\t\t<div class=\"elementor-post__excerpt\">\n\t\t\t<p>EMZULIA ESP se esta transformando, ahora contamos con la opci\u00f3n de pago en l\u00ednea a trav\u00e9s de PSE, evita las filas y has el pago<\/p>\n\t\t<\/div>\n\t\t\n\t\t<a class=\"elementor-post__read-more\" href=\"https:\/\/emzulia.com\/index.php\/2021\/04\/22\/pago-en-linea\/\" aria-label=\"Read more about Pago en Linea\" tabindex=\"-1\" >\n\t\t\tLee m\u00e1s &gt;&gt;\t\t<\/a>\n\n\t\t\t\t<\/div>\n\t\t\t\t<\/article>\n\t\t\t\t<article class=\"elementor-post elementor-grid-item post-951 post type-post status-publish format-standard has-post-thumbnail hentry category-seguimiento-y-control\">\n\t\t\t\t<a class=\"elementor-post__thumbnail__link\" href=\"https:\/\/emzulia.com\/index.php\/2019\/08\/20\/cambio-tarifario\/\" tabindex=\"-1\" >\n\t\t\t<div class=\"elementor-post__thumbnail\"><img decoding=\"async\" width=\"300\" height=\"148\" src=\"https:\/\/emzulia.com\/wp-content\/uploads\/2019\/08\/image-300x148.png\" class=\"attachment-medium size-medium wp-image-952\" alt=\"\" srcset=\"https:\/\/emzulia.com\/wp-content\/uploads\/2019\/08\/image-300x148.png 300w, https:\/\/emzulia.com\/wp-content\/uploads\/2019\/08\/image.png 320w\" sizes=\"(max-width: 300px) 100vw, 300px\" \/><\/div>\n\t\t<\/a>\n\t\t\t\t<div class=\"elementor-post__text\">\n\t\t\t\t<h3 class=\"elementor-post__title\">\n\t\t\t<a href=\"https:\/\/emzulia.com\/index.php\/2019\/08\/20\/cambio-tarifario\/\" >\n\t\t\t\tCambio Tarifario\t\t\t<\/a>\n\t\t<\/h3>\n\t\t\t\t<div class=\"elementor-post__meta-data\">\n\t\t\t\t\t<span class=\"elementor-post-author\">\n\t\t\temzworka\t\t<\/span>\n\t\t\t\t<span class=\"elementor-post-date\">\n\t\t\t20\/08\/2019\t\t<\/span>\n\t\t\t\t<\/div>\n\t\t\t\t<div class=\"elementor-post__excerpt\">\n\t\t\t<p>En atenci\u00f3n a las aclaraciones correctivas de la estructura de tarifas de los servicios de acueducto y alcantarillado de EMZULIA E.S.P. de fecha 03 de<\/p>\n\t\t<\/div>\n\t\t\n\t\t<a class=\"elementor-post__read-more\" href=\"https:\/\/emzulia.com\/index.php\/2019\/08\/20\/cambio-tarifario\/\" aria-label=\"Read more about Cambio Tarifario\" tabindex=\"-1\" >\n\t\t\tLee m\u00e1s &gt;&gt;\t\t<\/a>\n\n\t\t\t\t<\/div>\n\t\t\t\t<\/article>\n\t\t\t\t<article class=\"elementor-post elementor-grid-item post-891 post type-post status-publish format-standard has-post-thumbnail hentry category-noticias category-seguimiento-y-control\">\n\t\t\t\t<a class=\"elementor-post__thumbnail__link\" href=\"https:\/\/emzulia.com\/index.php\/2019\/08\/16\/prevencion-del-hurto\/\" tabindex=\"-1\" >\n\t\t\t<div class=\"elementor-post__thumbnail\"><img decoding=\"async\" width=\"300\" height=\"200\" src=\"https:\/\/emzulia.com\/wp-content\/uploads\/2019\/08\/tuberia-300x200.jpg\" class=\"attachment-medium size-medium wp-image-892\" alt=\"\" srcset=\"https:\/\/emzulia.com\/wp-content\/uploads\/2019\/08\/tuberia-300x200.jpg 300w, https:\/\/emzulia.com\/wp-content\/uploads\/2019\/08\/tuberia-768x512.jpg 768w, https:\/\/emzulia.com\/wp-content\/uploads\/2019\/08\/tuberia.jpg 918w\" sizes=\"(max-width: 300px) 100vw, 300px\" \/><\/div>\n\t\t<\/a>\n\t\t\t\t<div class=\"elementor-post__text\">\n\t\t\t\t<h3 class=\"elementor-post__title\">\n\t\t\t<a href=\"https:\/\/emzulia.com\/index.php\/2019\/08\/16\/prevencion-del-hurto\/\" >\n\t\t\t\tPREVENCI\u00d3N DEL HURTO\t\t\t<\/a>\n\t\t<\/h3>\n\t\t\t\t<div class=\"elementor-post__meta-data\">\n\t\t\t\t\t<span class=\"elementor-post-author\">\n\t\t\temzworka\t\t<\/span>\n\t\t\t\t<span class=\"elementor-post-date\">\n\t\t\t16\/08\/2019\t\t<\/span>\n\t\t\t\t<\/div>\n\t\t\t\t<div class=\"elementor-post__excerpt\">\n\t\t\t<p>PREVENCI\u00d3N DEL HURTO DE INFRAESTRUCTURA Y ACTUACIONES FRAUDULENTAS DE LOS SERVICIOS P\u00daBLICOS. Apreciado Usuario: El hurto reiterado de infraestructura y actuaciones fraudulentas atenta contra la<\/p>\n\t\t<\/div>\n\t\t\n\t\t<a class=\"elementor-post__read-more\" href=\"https:\/\/emzulia.com\/index.php\/2019\/08\/16\/prevencion-del-hurto\/\" aria-label=\"Read more about PREVENCI\u00d3N DEL HURTO\" tabindex=\"-1\" >\n\t\t\tLee m\u00e1s &gt;&gt;\t\t<\/a>\n\n\t\t\t\t<\/div>\n\t\t\t\t<\/article>\n\t\t\t\t<article class=\"elementor-post elementor-grid-item post-887 post type-post status-publish format-standard has-post-thumbnail hentry category-gestion-social category-seguimiento-y-control\">\n\t\t\t\t<a class=\"elementor-post__thumbnail__link\" href=\"https:\/\/emzulia.com\/index.php\/2019\/08\/16\/comunicado-no-020\/\" tabindex=\"-1\" >\n\t\t\t<div class=\"elementor-post__thumbnail\"><img loading=\"lazy\" decoding=\"async\" width=\"300\" height=\"200\" src=\"https:\/\/emzulia.com\/wp-content\/uploads\/2019\/08\/rio-zulia-300x200.jpg\" class=\"attachment-medium size-medium wp-image-888\" alt=\"\" srcset=\"https:\/\/emzulia.com\/wp-content\/uploads\/2019\/08\/rio-zulia-300x200.jpg 300w, https:\/\/emzulia.com\/wp-content\/uploads\/2019\/08\/rio-zulia-768x513.jpg 768w, https:\/\/emzulia.com\/wp-content\/uploads\/2019\/08\/rio-zulia.jpg 863w\" sizes=\"(max-width: 300px) 100vw, 300px\" \/><\/div>\n\t\t<\/a>\n\t\t\t\t<div class=\"elementor-post__text\">\n\t\t\t\t<h3 class=\"elementor-post__title\">\n\t\t\t<a href=\"https:\/\/emzulia.com\/index.php\/2019\/08\/16\/comunicado-no-020\/\" >\n\t\t\t\tCOMUNICADO N\u00ba 020\t\t\t<\/a>\n\t\t<\/h3>\n\t\t\t\t<div class=\"elementor-post__meta-data\">\n\t\t\t\t\t<span class=\"elementor-post-author\">\n\t\t\temzworka\t\t<\/span>\n\t\t\t\t<span class=\"elementor-post-date\">\n\t\t\t16\/08\/2019\t\t<\/span>\n\t\t\t\t<\/div>\n\t\t\t\t<div class=\"elementor-post__excerpt\">\n\t\t\t<p>Las EMZULIA E.S.P. le informa a todos los usuarios que de acuerdo a la Ley 142 de 1994 de Servicios P\u00fablicos y la Ley 373<\/p>\n\t\t<\/div>\n\t\t\n\t\t<a class=\"elementor-post__read-more\" href=\"https:\/\/emzulia.com\/index.php\/2019\/08\/16\/comunicado-no-020\/\" aria-label=\"Read more about COMUNICADO N\u00ba 020\" tabindex=\"-1\" >\n\t\t\tLee m\u00e1s &gt;&gt;\t\t<\/a>\n\n\t\t\t\t<\/div>\n\t\t\t\t<\/article>\n\t\t\t\t<article class=\"elementor-post elementor-grid-item post-744 post type-post status-publish format-standard has-post-thumbnail hentry category-noticias\">\n\t\t\t\t<a class=\"elementor-post__thumbnail__link\" href=\"https:\/\/emzulia.com\/index.php\/2019\/08\/13\/se-prohibe-el-uso-indiscriminado-de-agua\/\" tabindex=\"-1\" >\n\t\t\t<div class=\"elementor-post__thumbnail\"><img loading=\"lazy\" decoding=\"async\" width=\"300\" height=\"173\" src=\"https:\/\/emzulia.com\/wp-content\/uploads\/2019\/08\/rio-300x173.jpg\" class=\"attachment-medium size-medium wp-image-746\" alt=\"\" srcset=\"https:\/\/emzulia.com\/wp-content\/uploads\/2019\/08\/rio-300x173.jpg 300w, https:\/\/emzulia.com\/wp-content\/uploads\/2019\/08\/rio-768x443.jpg 768w, https:\/\/emzulia.com\/wp-content\/uploads\/2019\/08\/rio.jpg 902w\" sizes=\"(max-width: 300px) 100vw, 300px\" \/><\/div>\n\t\t<\/a>\n\t\t\t\t<div class=\"elementor-post__text\">\n\t\t\t\t<h3 class=\"elementor-post__title\">\n\t\t\t<a href=\"https:\/\/emzulia.com\/index.php\/2019\/08\/13\/se-prohibe-el-uso-indiscriminado-de-agua\/\" >\n\t\t\t\t<seguimiento y control><Noticias> SE PROHIBE EL USO INDISCRIMINADO DE AGUA\t\t\t<\/a>\n\t\t<\/h3>\n\t\t\t\t<div class=\"elementor-post__meta-data\">\n\t\t\t\t\t<span class=\"elementor-post-author\">\n\t\t\temzworka\t\t<\/span>\n\t\t\t\t<span class=\"elementor-post-date\">\n\t\t\t13\/08\/2019\t\t<\/span>\n\t\t\t\t<\/div>\n\t\t\t\t<div class=\"elementor-post__excerpt\">\n\t\t\t<p>DECRETO N\u00ba 031 DE JUNIO 05 DE 2008 \u2013 ALCALDIA MUNICIPAL POR MEDIO DEL CUAL SE PROHIBE EL USO INDISCRIMINADO DE AGUA POTABLE EN EL<\/p>\n\t\t<\/div>\n\t\t\n\t\t<a class=\"elementor-post__read-more\" href=\"https:\/\/emzulia.com\/index.php\/2019\/08\/13\/se-prohibe-el-uso-indiscriminado-de-agua\/\" aria-label=\"Read more about &lt;seguimiento y control&gt;&lt;Noticias&gt; SE PROHIBE EL USO INDISCRIMINADO DE AGUA\" tabindex=\"-1\" >\n\t\t\tLee m\u00e1s &gt;&gt;\t\t<\/a>\n\n\t\t\t\t<\/div>\n\t\t\t\t<\/article>\n\t\t\t\t<\/div>\n\t\t\n\t\t\t\t<\/div>\n\t\t\t\t<\/div>\n\t\t\t\t<div class=\"elementor-element elementor-element-25f47a5f elementor-widget elementor-widget-spacer\" data-id=\"25f47a5f\" data-element_type=\"widget\" data-widget_type=\"spacer.default\">\n\t\t\t\t<div class=\"elementor-widget-container\">\n\t\t\t\t\t<div class=\"elementor-spacer\">\n\t\t\t<div class=\"elementor-spacer-inner\"><\/div>\n\t\t<\/div>\n\t\t\t\t<\/div>\n\t\t\t\t<\/div>\n\t\t\t\t\t<\/div>\n\t\t<\/div>\n\t\t\t\t\t<\/div>\n\t\t<\/section>\n\t\t\t\t<\/div>\n\t\t","protected":false},"excerpt":{"rendered":"<p>MISION Prestar los servicios de acueducto, alcantarillado y aseo de forma integral para contribuir con el desarrollo econ\u00f3mico, social y ambiental, mejorando la calidad de vida de los habitantes del sector urbano y suburbano del municipio de El Zulia. VISI\u00d3N LAS EMZULIA E.S.P. Se proyecta a 2024 como la mejor empresa de servicios p\u00fablicos domiciliarios [&hellip;]<\/p>\n","protected":false},"author":1,"featured_media":0,"parent":357,"menu_order":0,"comment_status":"closed","ping_status":"closed","template":"","meta":{"_uag_custom_page_level_css":"","site-sidebar-layout":"default","site-content-layout":"default","ast-site-content-layout":"","site-content-style":"default","site-sidebar-style":"default","ast-global-header-display":"","ast-banner-title-visibility":"","ast-main-header-display":"","ast-hfb-above-header-display":"","ast-hfb-below-header-display":"","ast-hfb-mobile-header-display":"","site-post-title":"","ast-breadcrumbs-content":"","ast-featured-img":"","footer-sml-layout":"","theme-transparent-header-meta":"default","adv-header-id-meta":"","stick-header-meta":"","header-above-stick-meta":"","header-main-stick-meta":"","header-below-stick-meta":"","astra-migrate-meta-layouts":"default","ast-page-background-enabled":"default","ast-page-background-meta":{"desktop":{"background-color":"var(--ast-global-color-4)","background-image":"","background-repeat":"repeat","background-position":"center center","background-size":"auto","background-attachment":"scroll","background-type":"","background-media":"","overlay-type":"","overlay-color":"","overlay-opacity":"","overlay-gradient":""},"tablet":{"background-color":"","background-image":"","background-repeat":"repeat","background-position":"center center","background-size":"auto","background-attachment":"scroll","background-type":"","background-media":"","overlay-type":"","overlay-color":"","overlay-opacity":"","overlay-gradient":""},"mobile":{"background-color":"","background-image":"","background-repeat":"repeat","background-position":"center center","background-size":"auto","background-attachment":"scroll","background-type":"","background-media":"","overlay-type":"","overlay-color":"","overlay-opacity":"","overlay-gradient":""}},"ast-content-background-meta":{"desktop":{"background-color":"var(--ast-global-color-5)","background-image":"","background-repeat":"repeat","background-position":"center center","background-size":"auto","background-attachment":"scroll","background-type":"","background-media":"","overlay-type":"","overlay-color":"","overlay-opacity":"","overlay-gradient":""},"tablet":{"background-color":"var(--ast-global-color-5)","background-image":"","background-repeat":"repeat","background-position":"center center","background-size":"auto","background-attachment":"scroll","background-type":"","background-media":"","overlay-type":"","overlay-color":"","overlay-opacity":"","overlay-gradient":""},"mobile":{"background-color":"var(--ast-global-color-5)","background-image":"","background-repeat":"repeat","background-position":"center center","background-size":"auto","background-attachment":"scroll","background-type":"","background-media":"","overlay-type":"","overlay-color":"","overlay-opacity":"","overlay-gradient":""}},"footnotes":""},"yoast_head":"<!-- This site is optimized with the Yoast SEO plugin v22.8 - https:\/\/yoast.com\/wordpress\/plugins\/seo\/ -->\n<title>Misi\u00f3n y Visi\u00f3n - EMZULIA ESP<\/title>\n<meta name=\"robots\" content=\"index, follow, max-snippet:-1, max-image-preview:large, max-video-preview:-1\" \/>\n<link rel=\"canonical\" href=\"https:\/\/emzulia.com\/index.php\/about\/mision-y-vision\/\" \/>\n<meta property=\"og:locale\" content=\"es_ES\" \/>\n<meta property=\"og:type\" content=\"article\" \/>\n<meta property=\"og:title\" content=\"Misi\u00f3n y Visi\u00f3n - EMZULIA ESP\" \/>\n<meta property=\"og:description\" content=\"MISION Prestar los servicios de acueducto, alcantarillado y aseo de forma integral para contribuir con el desarrollo econ\u00f3mico, social y ambiental, mejorando la calidad de vida de los habitantes del sector urbano y suburbano del municipio de El Zulia. VISI\u00d3N LAS EMZULIA E.S.P. Se proyecta a 2024 como la mejor empresa de servicios p\u00fablicos domiciliarios [&hellip;]\" \/>\n<meta property=\"og:url\" content=\"https:\/\/emzulia.com\/index.php\/about\/mision-y-vision\/\" \/>\n<meta property=\"og:site_name\" content=\"EMZULIA ESP\" \/>\n<meta property=\"article:modified_time\" content=\"2024-03-15T16:24:12+00:00\" \/>\n<meta name=\"twitter:card\" content=\"summary_large_image\" \/>\n<meta name=\"twitter:label1\" content=\"Tiempo de lectura\" \/>\n\t<meta name=\"twitter:data1\" content=\"1 minuto\" \/>\n<script type=\"application\/ld+json\" class=\"yoast-schema-graph\">{\"@context\":\"https:\/\/schema.org\",\"@graph\":[{\"@type\":\"WebPage\",\"@id\":\"https:\/\/emzulia.com\/index.php\/about\/mision-y-vision\/\",\"url\":\"https:\/\/emzulia.com\/index.php\/about\/mision-y-vision\/\",\"name\":\"Misi\u00f3n y Visi\u00f3n - EMZULIA ESP\",\"isPartOf\":{\"@id\":\"https:\/\/emzulia.com\/#website\"},\"datePublished\":\"2019-08-16T17:50:42+00:00\",\"dateModified\":\"2024-03-15T16:24:12+00:00\",\"breadcrumb\":{\"@id\":\"https:\/\/emzulia.com\/index.php\/about\/mision-y-vision\/#breadcrumb\"},\"inLanguage\":\"es-CO\",\"potentialAction\":[{\"@type\":\"ReadAction\",\"target\":[\"https:\/\/emzulia.com\/index.php\/about\/mision-y-vision\/\"]}]},{\"@type\":\"BreadcrumbList\",\"@id\":\"https:\/\/emzulia.com\/index.php\/about\/mision-y-vision\/#breadcrumb\",\"itemListElement\":[{\"@type\":\"ListItem\",\"position\":1,\"name\":\"Bienvenidos\",\"item\":\"https:\/\/emzulia.com\/\"},{\"@type\":\"ListItem\",\"position\":2,\"name\":\"Nosotros\",\"item\":\"https:\/\/emzulia.com\/index.php\/about\/\"},{\"@type\":\"ListItem\",\"position\":3,\"name\":\"Misi\u00f3n y Visi\u00f3n\"}]},{\"@type\":\"WebSite\",\"@id\":\"https:\/\/emzulia.com\/#website\",\"url\":\"https:\/\/emzulia.com\/\",\"name\":\"EMZULIA ESP\",\"description\":\"Empresa de Servicios P\u00fablicos del Zulia\",\"potentialAction\":[{\"@type\":\"SearchAction\",\"target\":{\"@type\":\"EntryPoint\",\"urlTemplate\":\"https:\/\/emzulia.com\/?s={search_term_string}\"},\"query-input\":\"required name=search_term_string\"}],\"inLanguage\":\"es-CO\"}]}<\/script>\n<!-- \/ Yoast SEO plugin. -->","yoast_head_json":{"title":"Misi\u00f3n y Visi\u00f3n - EMZULIA ESP","robots":{"index":"index","follow":"follow","max-snippet":"max-snippet:-1","max-image-preview":"max-image-preview:large","max-video-preview":"max-video-preview:-1"},"canonical":"https:\/\/emzulia.com\/index.php\/about\/mision-y-vision\/","og_locale":"es_ES","og_type":"article","og_title":"Misi\u00f3n y Visi\u00f3n - EMZULIA ESP","og_description":"MISION Prestar los servicios de acueducto, alcantarillado y aseo de forma integral para contribuir con el desarrollo econ\u00f3mico, social y ambiental, mejorando la calidad de vida de los habitantes del sector urbano y suburbano del municipio de El Zulia. VISI\u00d3N LAS EMZULIA E.S.P. Se proyecta a 2024 como la mejor empresa de servicios p\u00fablicos domiciliarios [&hellip;]","og_url":"https:\/\/emzulia.com\/index.php\/about\/mision-y-vision\/","og_site_name":"EMZULIA ESP","article_modified_time":"2024-03-15T16:24:12+00:00","twitter_card":"summary_large_image","twitter_misc":{"Tiempo de lectura":"1 minuto"},"schema":{"@context":"https:\/\/schema.org","@graph":[{"@type":"WebPage","@id":"https:\/\/emzulia.com\/index.php\/about\/mision-y-vision\/","url":"https:\/\/emzulia.com\/index.php\/about\/mision-y-vision\/","name":"Misi\u00f3n y Visi\u00f3n - EMZULIA ESP","isPartOf":{"@id":"https:\/\/emzulia.com\/#website"},"datePublished":"2019-08-16T17:50:42+00:00","dateModified":"2024-03-15T16:24:12+00:00","breadcrumb":{"@id":"https:\/\/emzulia.com\/index.php\/about\/mision-y-vision\/#breadcrumb"},"inLanguage":"es-CO","potentialAction":[{"@type":"ReadAction","target":["https:\/\/emzulia.com\/index.php\/about\/mision-y-vision\/"]}]},{"@type":"BreadcrumbList","@id":"https:\/\/emzulia.com\/index.php\/about\/mision-y-vision\/#breadcrumb","itemListElement":[{"@type":"ListItem","position":1,"name":"Bienvenidos","item":"https:\/\/emzulia.com\/"},{"@type":"ListItem","position":2,"name":"Nosotros","item":"https:\/\/emzulia.com\/index.php\/about\/"},{"@type":"ListItem","position":3,"name":"Misi\u00f3n y Visi\u00f3n"}]},{"@type":"WebSite","@id":"https:\/\/emzulia.com\/#website","url":"https:\/\/emzulia.com\/","name":"EMZULIA ESP","description":"Empresa de Servicios P\u00fablicos del Zulia","potentialAction":[{"@type":"SearchAction","target":{"@type":"EntryPoint","urlTemplate":"https:\/\/emzulia.com\/?s={search_term_string}"},"query-input":"required name=search_term_string"}],"inLanguage":"es-CO"}]}},"uagb_featured_image_src":{"full":false,"thumbnail":false,"medium":false,"medium_large":false,"large":false,"1536x1536":false,"2048x2048":false},"uagb_author_info":{"display_name":"emzworka","author_link":"https:\/\/emzulia.com\/index.php\/author\/emzworka\/"},"uagb_comment_info":0,"uagb_excerpt":"MISION Prestar los servicios de acueducto, alcantarillado y aseo de forma integral para contribuir con el desarrollo econ\u00f3mico, social y ambiental, mejorando la calidad de vida de los habitantes del sector urbano y suburbano del municipio de El Zulia. VISI\u00d3N LAS EMZULIA E.S.P. Se proyecta a 2024 como la mejor empresa de servicios p\u00fablicos domiciliarios&hellip;","_links":{"self":[{"href":"https:\/\/emzulia.com\/index.php\/wp-json\/wp\/v2\/pages\/797"}],"collection":[{"href":"https:\/\/emzulia.com\/index.php\/wp-json\/wp\/v2\/pages"}],"about":[{"href":"https:\/\/emzulia.com\/index.php\/wp-json\/wp\/v2\/types\/page"}],"author":[{"embeddable":true,"href":"https:\/\/emzulia.com\/index.php\/wp-json\/wp\/v2\/users\/1"}],"replies":[{"embeddable":true,"href":"https:\/\/emzulia.com\/index.php\/wp-json\/wp\/v2\/comments?post=797"}],"version-history":[{"count":7,"href":"https:\/\/emzulia.com\/index.php\/wp-json\/wp\/v2\/pages\/797\/revisions"}],"predecessor-version":[{"id":1162,"href":"https:\/\/emzulia.com\/index.php\/wp-json\/wp\/v2\/pages\/797\/revisions\/1162"}],"up":[{"embeddable":true,"href":"https:\/\/emzulia.com\/index.php\/wp-json\/wp\/v2\/pages\/357"}],"wp:attachment":[{"href":"https:\/\/emzulia.com\/index.php\/wp-json\/wp\/v2\/media?parent=797"}],"curies":[{"name":"wp","href":"https:\/\/api.w.org\/{rel}","templated":true}]}}